{"id":11512,"date":"2024-09-17T13:53:22","date_gmt":"2024-09-17T13:53:22","guid":{"rendered":"https:\/\/zlcell.com.br\/?post_type=product&#038;p=11512"},"modified":"2024-09-17T13:54:44","modified_gmt":"2024-09-17T13:54:44","slug":"tela-display-ip-12-pro-max-nac-retirado","status":"publish","type":"product","link":"https:\/\/zlcell.com.br\/en\/produto\/tela-display-ip-12-pro-max-nac-retirado\/","title":{"rendered":"TELA DISPLAY IP 12 PRO MAX  NAC RETIRADO"},"content":{"rendered":"<p>Descri\u00e7\u00e3o<\/p>\n<p>TELA DISPLAY IP\u00a012 PRO MAX\u00a0 NAC RETIRADO<\/p>\n<p>ESTE MODELO DE TELA DO IP\u00a012 PRO MAX\u00a0 NAC RETIRADO\u00a0FOI TESTADO E POSSUI GARANTIA.<\/p>\n<p>O DESIGN DESTA TELA \u00c9 VOLTADO PARA OTIMIZAR A DURABILIDADE E O DESEMPENHO A LONGO PRAZO.<\/p>\n<p>&nbsp;<\/p>\n<p>A QUALIDADE SUPERIOR, A ESTRUTURA ROBUSTA E A SUPERF\u00cdCIE RESISTENTE A ARRANH\u00d5ES GARANTEM ESTABILIDADE E DURABILIDADE NO USO DI\u00c1RIO.<\/p>\n<p>&nbsp;<\/p>\n<p>ELE TAMB\u00c9M TEM UM PRE\u00c7O EXTREMAMENTE COMPETITIVO, OFERECENDO UMA OP\u00c7\u00c3O IDEAL PARA AQUELES QUE BUSCAM DESEMPENHO EXCEPCIONAL E QUALIDADE SUPERIOR.<\/p>\n","protected":false},"excerpt":{"rendered":"<p>Descri\u00e7\u00e3o TELA DISPLAY IP\u00a012 PRO MAX\u00a0 NAC RETIRADO ESTE MODELO DE TELA DO IP\u00a012 PRO MAX\u00a0 NAC RETIRADO\u00a0FOI TESTADO E<\/p>\n","protected":false},"featured_media":11525,"template":"","meta":[],"product_brand":[],"product_cat":[123],"product_tag":[],"class_list":{"0":"post-11512","1":"product","2":"type-product","3":"status-publish","4":"has-post-thumbnail","6":"product_cat-telas","8":"first","9":"instock","10":"shipping-taxable","11":"purchasable","12":"product-type-simple"},"_links":{"self":[{"href":"https:\/\/zlcell.com.br\/en\/wp-json\/wp\/v2\/product\/11512","targetHints":{"allow":["GET"]}}],"collection":[{"href":"https:\/\/zlcell.com.br\/en\/wp-json\/wp\/v2\/product"}],"about":[{"href":"https:\/\/zlcell.com.br\/en\/wp-json\/wp\/v2\/types\/product"}],"version-history":[{"count":2,"href":"https:\/\/zlcell.com.br\/en\/wp-json\/wp\/v2\/product\/11512\/revisions"}],"predecessor-version":[{"id":11529,"href":"https:\/\/zlcell.com.br\/en\/wp-json\/wp\/v2\/product\/11512\/revisions\/11529"}],"wp:featuredmedia":[{"embeddable":true,"href":"https:\/\/zlcell.com.br\/en\/wp-json\/wp\/v2\/media\/11525"}],"wp:attachment":[{"href":"https:\/\/zlcell.com.br\/en\/wp-json\/wp\/v2\/media?parent=11512"}],"wp:term":[{"taxonomy":"product_brand","embeddable":true,"href":"https:\/\/zlcell.com.br\/en\/wp-json\/wp\/v2\/product_brand?post=11512"},{"taxonomy":"product_cat","embeddable":true,"href":"https:\/\/zlcell.com.br\/en\/wp-json\/wp\/v2\/product_cat?post=11512"},{"taxonomy":"product_tag","embeddable":true,"href":"https:\/\/zlcell.com.br\/en\/wp-json\/wp\/v2\/product_tag?post=11512"}],"curies":[{"name":"wp","href":"https:\/\/api.w.org\/{rel}","templated":true}]}}