{"id":11567,"date":"2024-09-17T15:00:39","date_gmt":"2024-09-17T15:00:39","guid":{"rendered":"https:\/\/zlcell.com.br\/?post_type=product&#038;p=11567"},"modified":"2024-09-17T15:00:39","modified_gmt":"2024-09-17T15:00:39","slug":"tela-display-ip-11-nac-retirado","status":"publish","type":"product","link":"https:\/\/zlcell.com.br\/en\/produto\/tela-display-ip-11-nac-retirado\/","title":{"rendered":"TELA DISPLAY IP 11 NAC RETIRADO"},"content":{"rendered":"<p>Descri\u00e7\u00e3o<\/p>\n<p>TELA DISPLAY\u00a0IP 11\u00a0 NAC RETIRADO<\/p>\n<p>ESTE MODELO DE TELA DO\u00a0IP 11\u00a0 NAC RETIRADO\u00a0 FOI TESTADO E POSSUI GARANTIA.<\/p>\n<p>O DESIGN DESTA TELA \u00c9 VOLTADO PARA OTIMIZAR A DURABILIDADE E O DESEMPENHO A LONGO PRAZO.<\/p>\n<p>&nbsp;<\/p>\n<p>A QUALIDADE SUPERIOR, A ESTRUTURA ROBUSTA E A SUPERF\u00cdCIE RESISTENTE A ARRANH\u00d5ES GARANTEM ESTABILIDADE E DURABILIDADE NO USO DI\u00c1RIO.<\/p>\n<p>&nbsp;<\/p>\n<p>ELE TAMB\u00c9M TEM UM PRE\u00c7O EXTREMAMENTE COMPETITIVO, OFERECENDO UMA OP\u00c7\u00c3O IDEAL PARA AQUELES QUE BUSCAM DESEMPENHO EXCEPCIONAL E QUALIDADE SUPERIOR.<\/p>\n<p>&nbsp;<\/p>\n<p>Categoria de Qualidade das Frontais:<\/p>\n<p>&#8211; 1\u00b0 Orig. Nacional \u00e9 a mais pr\u00f3xima da de f\u00e1brica do seu aparelho, superior a Orig. China e encaixe perfeito, com a tela AMOLED.<\/p>\n<p>&#8211; 2\u00b0 Orig. China tem encaixe perfeito e qualidade superior a Incell, com a tela OLED.<\/p>\n<p>&#8211; 3\u00b0 Linha Incell tem LCD mais fino e mais resistente que a primeira linha.<\/p>\n<p>&#8211; 4\u00b0 Primeira linha paralela fica mais alta e n\u00e3o tem encaixe perfeito.<\/p>\n<p>Diferen\u00e7a das telas:<\/p>\n<p>AMOLED- significa Active-Matrix Organic Light-Emitting Diode, em portugu\u00eas: Matriz Ativa de Diodo Org\u00e2nico Emissor de Luz.<\/p>\n<p>Essa tecnologia \u00e9 baseada no OLED, mas desenvolvida em quatro camadas: \u00e2nodo, org\u00e2nica, c\u00e1todo e outra com circuitos. Essa sequ\u00eancia faz com que os pixels sejam ativados e desativados tr\u00eas vezes mais r\u00e1pido que em outras telas.<\/p>\n<p>Com isso, h\u00e1 uma maior fluidez para exibir filmes, v\u00eddeos e jogos.<\/p>\n<p>OLED- significa Organic Light-Emitting Diode, ou Diodo Emissor de Luz Org\u00e2nica, em portugu\u00eas. Essa \u00e9 uma tecnologia que evoluiu do LED.<\/p>\n<p>Ela utiliza diodos emissores, no lugar dos cristais l\u00edquidos, mas a principal diferen\u00e7a entre a LCD e a OLED est\u00e1 no fato de que aqui n\u00e3o \u00e9 necess\u00e1rio que exista uma backlight sempre acesa, pois os diodos emitem sua pr\u00f3pria luz.<\/p>\n<p>Por isso, as telas OLED s\u00e3o mais finas, j\u00e1 que s\u00e3o compostas de uma camada a menos, al\u00e9m de consumirem menos bateria.<\/p>\n<p>LCD- significa Liquid Cristal Display, que, em portugu\u00eas, \u00e9 Tela de Cristal L\u00edquido. Dentro das telas produzidas nessa composi\u00e7\u00e3o existem cristais l\u00edquidos que s\u00e3o transparentes, mas t\u00eam sua estrutura molecular alterada quando recebem uma corrente el\u00e9trica e ficam opacos, impedindo a passagem de luz. A corrente el\u00e9trica \u00e9 emitida por uma camada que se chama backlight, uma camada de luz que fica permanentemente acesa.<\/p>\n<p>Al\u00e9m dessas duas camadas, existem outras, com tons intermedi\u00e1rios.<\/p>\n<p>\u00c9 acess\u00edvel, f\u00e1cil de instalar e tem qualidade garantida. N\u00f3s nos preocupamos com nossos clientes e sabemos que voc\u00ea valoriza um bom pre\u00e7o.<\/p>\n<p>\u00c9 por isso que tornamos este produto t\u00e3o acess\u00edvel que voc\u00ea poder\u00e1 proteger seu telefone sem gastar muito.<\/p>\n<p>Tamb\u00e9m nos preocupamos em deix\u00e1-lo feliz e confort\u00e1vel com nossos produtos, e \u00e9 por isso que oferecemos uma garantia de 100% de satisfa\u00e7\u00e3o.<\/p>\n","protected":false},"excerpt":{"rendered":"<p>Descri\u00e7\u00e3o TELA DISPLAY\u00a0IP 11\u00a0 NAC RETIRADO ESTE MODELO DE TELA DO\u00a0IP 11\u00a0 NAC RETIRADO\u00a0 FOI TESTADO E POSSUI GARANTIA. O<\/p>\n","protected":false},"featured_media":11583,"template":"","meta":[],"product_brand":[],"product_cat":[125],"product_tag":[],"class_list":{"0":"post-11567","1":"product","2":"type-product","3":"status-publish","4":"has-post-thumbnail","6":"product_cat-iphone","8":"first","9":"instock","10":"shipping-taxable","11":"purchasable","12":"product-type-simple"},"_links":{"self":[{"href":"https:\/\/zlcell.com.br\/en\/wp-json\/wp\/v2\/product\/11567","targetHints":{"allow":["GET"]}}],"collection":[{"href":"https:\/\/zlcell.com.br\/en\/wp-json\/wp\/v2\/product"}],"about":[{"href":"https:\/\/zlcell.com.br\/en\/wp-json\/wp\/v2\/types\/product"}],"version-history":[{"count":1,"href":"https:\/\/zlcell.com.br\/en\/wp-json\/wp\/v2\/product\/11567\/revisions"}],"predecessor-version":[{"id":11586,"href":"https:\/\/zlcell.com.br\/en\/wp-json\/wp\/v2\/product\/11567\/revisions\/11586"}],"wp:featuredmedia":[{"embeddable":true,"href":"https:\/\/zlcell.com.br\/en\/wp-json\/wp\/v2\/media\/11583"}],"wp:attachment":[{"href":"https:\/\/zlcell.com.br\/en\/wp-json\/wp\/v2\/media?parent=11567"}],"wp:term":[{"taxonomy":"product_brand","embeddable":true,"href":"https:\/\/zlcell.com.br\/en\/wp-json\/wp\/v2\/product_brand?post=11567"},{"taxonomy":"product_cat","embeddable":true,"href":"https:\/\/zlcell.com.br\/en\/wp-json\/wp\/v2\/product_cat?post=11567"},{"taxonomy":"product_tag","embeddable":true,"href":"https:\/\/zlcell.com.br\/en\/wp-json\/wp\/v2\/product_tag?post=11567"}],"curies":[{"name":"wp","href":"https:\/\/api.w.org\/{rel}","templated":true}]}}