{"id":11662,"date":"2024-09-19T17:21:15","date_gmt":"2024-09-19T17:21:15","guid":{"rendered":"https:\/\/zlcell.com.br\/?post_type=product&#038;p=11662"},"modified":"2024-09-19T17:21:15","modified_gmt":"2024-09-19T17:21:15","slug":"tela-display-ip-14-ori-fog","status":"publish","type":"product","link":"https:\/\/zlcell.com.br\/en\/produto\/tela-display-ip-14-ori-fog\/","title":{"rendered":"TELA DISPLAY IP 14 ORI FOG"},"content":{"rendered":"<p>Descri\u00e7\u00e3o<\/p>\n<p>TELA DISPLAY\u00a0IP 14 ORI FOG<\/p>\n<p>ESTE MODELO DE TELA DO\u00a0IP 14 ORI FOG FOI TESTADO E POSSUI GARANTIA.<\/p>\n<p>O DESIGN DESTA TELA \u00c9 VOLTADO PARA OTIMIZAR A DURABILIDADE E O DESEMPENHO A LONGO PRAZO.<\/p>\n<p>&nbsp;<\/p>\n<p>A QUALIDADE SUPERIOR, A ESTRUTURA ROBUSTA E A SUPERF\u00cdCIE RESISTENTE A ARRANH\u00d5ES GARANTEM ESTABILIDADE E DURABILIDADE NO USO DI\u00c1RIO.<\/p>\n<p>&nbsp;<\/p>\n<p>ELE TAMB\u00c9M TEM UM PRE\u00c7O EXTREMAMENTE COMPETITIVO, OFERECENDO UMA OP\u00c7\u00c3O IDEAL PARA AQUELES QUE BUSCAM DESEMPENHO EXCEPCIONAL E QUALIDADE SUPERIOR.<\/p>\n","protected":false},"excerpt":{"rendered":"<p>Descri\u00e7\u00e3o TELA DISPLAY\u00a0IP 14 ORI FOG ESTE MODELO DE TELA DO\u00a0IP 14 ORI FOG FOI TESTADO E POSSUI GARANTIA. O<\/p>\n","protected":false},"featured_media":11687,"template":"","meta":[],"product_brand":[],"product_cat":[125],"product_tag":[],"class_list":{"0":"post-11662","1":"product","2":"type-product","3":"status-publish","4":"has-post-thumbnail","6":"product_cat-iphone","8":"first","9":"instock","10":"shipping-taxable","11":"purchasable","12":"product-type-simple"},"_links":{"self":[{"href":"https:\/\/zlcell.com.br\/en\/wp-json\/wp\/v2\/product\/11662","targetHints":{"allow":["GET"]}}],"collection":[{"href":"https:\/\/zlcell.com.br\/en\/wp-json\/wp\/v2\/product"}],"about":[{"href":"https:\/\/zlcell.com.br\/en\/wp-json\/wp\/v2\/types\/product"}],"version-history":[{"count":1,"href":"https:\/\/zlcell.com.br\/en\/wp-json\/wp\/v2\/product\/11662\/revisions"}],"predecessor-version":[{"id":11690,"href":"https:\/\/zlcell.com.br\/en\/wp-json\/wp\/v2\/product\/11662\/revisions\/11690"}],"wp:featuredmedia":[{"embeddable":true,"href":"https:\/\/zlcell.com.br\/en\/wp-json\/wp\/v2\/media\/11687"}],"wp:attachment":[{"href":"https:\/\/zlcell.com.br\/en\/wp-json\/wp\/v2\/media?parent=11662"}],"wp:term":[{"taxonomy":"product_brand","embeddable":true,"href":"https:\/\/zlcell.com.br\/en\/wp-json\/wp\/v2\/product_brand?post=11662"},{"taxonomy":"product_cat","embeddable":true,"href":"https:\/\/zlcell.com.br\/en\/wp-json\/wp\/v2\/product_cat?post=11662"},{"taxonomy":"product_tag","embeddable":true,"href":"https:\/\/zlcell.com.br\/en\/wp-json\/wp\/v2\/product_tag?post=11662"}],"curies":[{"name":"wp","href":"https:\/\/api.w.org\/{rel}","templated":true}]}}