{"id":11742,"date":"2024-10-17T13:56:33","date_gmt":"2024-10-17T13:56:33","guid":{"rendered":"https:\/\/zlcell.com.br\/?post_type=product&#038;p=11742"},"modified":"2024-10-17T13:56:33","modified_gmt":"2024-10-17T13:56:33","slug":"tela-display-ip-13-incell","status":"publish","type":"product","link":"https:\/\/zlcell.com.br\/en\/produto\/tela-display-ip-13-incell\/","title":{"rendered":"TELA DISPLAY IP 13 INCELL"},"content":{"rendered":"<p>TELA DISPLAY\u00a0IP 13 INCELL<\/p>\n<p>&nbsp;<\/p>\n<p>ESTE MODELO DE TELA DO IP\u00a013 INCELL FOI TESTADO E POSSUI GARANTIA.<\/p>\n<p>O DESIGN DESTA TELA \u00c9 VOLTADO PARA OTIMIZAR A DURABILIDADE E O DESEMPENHO A LONGO PRAZO.<\/p>\n<p>&nbsp;<\/p>\n<p>A QUALIDADE SUPERIOR, A ESTRUTURA ROBUSTA E A SUPERF\u00cdCIE RESISTENTE A ARRANH\u00d5ES GARANTEM ESTABILIDADE E DURABILIDADE NO USO DI\u00c1RIO.<\/p>\n<p>&nbsp;<\/p>\n","protected":false},"excerpt":{"rendered":"<p>TELA DISPLAY\u00a0IP 13 INCELL &nbsp; ESTE MODELO DE TELA DO IP\u00a013 INCELL FOI TESTADO E POSSUI GARANTIA. O DESIGN DESTA<\/p>\n","protected":false},"featured_media":11743,"template":"","meta":[],"product_brand":[],"product_cat":[125],"product_tag":[],"class_list":{"0":"post-11742","1":"product","2":"type-product","3":"status-publish","4":"has-post-thumbnail","6":"product_cat-iphone","8":"first","9":"instock","10":"shipping-taxable","11":"purchasable","12":"product-type-simple"},"_links":{"self":[{"href":"https:\/\/zlcell.com.br\/en\/wp-json\/wp\/v2\/product\/11742","targetHints":{"allow":["GET"]}}],"collection":[{"href":"https:\/\/zlcell.com.br\/en\/wp-json\/wp\/v2\/product"}],"about":[{"href":"https:\/\/zlcell.com.br\/en\/wp-json\/wp\/v2\/types\/product"}],"version-history":[{"count":1,"href":"https:\/\/zlcell.com.br\/en\/wp-json\/wp\/v2\/product\/11742\/revisions"}],"predecessor-version":[{"id":11758,"href":"https:\/\/zlcell.com.br\/en\/wp-json\/wp\/v2\/product\/11742\/revisions\/11758"}],"wp:featuredmedia":[{"embeddable":true,"href":"https:\/\/zlcell.com.br\/en\/wp-json\/wp\/v2\/media\/11743"}],"wp:attachment":[{"href":"https:\/\/zlcell.com.br\/en\/wp-json\/wp\/v2\/media?parent=11742"}],"wp:term":[{"taxonomy":"product_brand","embeddable":true,"href":"https:\/\/zlcell.com.br\/en\/wp-json\/wp\/v2\/product_brand?post=11742"},{"taxonomy":"product_cat","embeddable":true,"href":"https:\/\/zlcell.com.br\/en\/wp-json\/wp\/v2\/product_cat?post=11742"},{"taxonomy":"product_tag","embeddable":true,"href":"https:\/\/zlcell.com.br\/en\/wp-json\/wp\/v2\/product_tag?post=11742"}],"curies":[{"name":"wp","href":"https:\/\/api.w.org\/{rel}","templated":true}]}}