{"id":11763,"date":"2024-10-17T14:02:16","date_gmt":"2024-10-17T14:02:16","guid":{"rendered":"https:\/\/zlcell.com.br\/?post_type=product&#038;p=11763"},"modified":"2024-10-17T14:02:16","modified_gmt":"2024-10-17T14:02:16","slug":"tela-display-ip-12-pro-max-ori-jk","status":"publish","type":"product","link":"https:\/\/zlcell.com.br\/en\/produto\/tela-display-ip-12-pro-max-ori-jk\/","title":{"rendered":"TELA DISPLAY IP 12 PRO MAX ORI JK"},"content":{"rendered":"<p>Descri\u00e7\u00e3o<\/p>\n<p>TELA DISPLAY\u00a0IP 12 PRO MAX ORI JK<\/p>\n<p>ESTE MODELO DE TELA DO IP\u00a0IP 12 PRO MAX ORI JK FOI TESTADO E POSSUI GARANTIA.<\/p>\n<p>O DESIGN DESTA TELA \u00c9 VOLTADO PARA OTIMIZAR A DURABILIDADE E O DESEMPENHO A LONGO PRAZO.<\/p>\n<p>&nbsp;<\/p>\n<p>A QUALIDADE SUPERIOR, A ESTRUTURA ROBUSTA E A SUPERF\u00cdCIE RESISTENTE A ARRANH\u00d5ES GARANTEM ESTABILIDADE E DURABILIDADE NO USO DI\u00c1RIO.<\/p>\n<p>&nbsp;<\/p>\n<p>ELE TAMB\u00c9M TEM UM PRE\u00c7O EXTREMAMENTE COMPETITIVO, OFERECENDO UMA OP\u00c7\u00c3O IDEAL PARA AQUELES QUE BUSCAM DESEMPENHO EXCEPCIONAL E QUALIDADE SUPERIOR.<\/p>\n<ul class=\"a-unordered-list a-vertical a-spacing-mini list-paddingleft-2\">\n<li>\u00a0 Material premium: a tela de substitui\u00e7\u00e3o para o iPhone 12 Pro Max \u00e9 feita de diodo emissor de luz org\u00e2nico, boa sensa\u00e7\u00e3o de toque, n\u00e3o \u00e9 f\u00e1cil de manchar.<\/li>\n<li>\u00a0 Modelo aplic\u00e1vel: a tela de substitui\u00e7\u00e3o do telefone celular \u00e9 adequada para o iPhone 12 Pro Max. Por favor, confirme o modelo do seu telefone antes de comprar.<\/li>\n<li>\u00a0 Pe\u00e7a de reposi\u00e7\u00e3o: Tela para IPhone 12 Pro Max \u00e9 a substitui\u00e7\u00e3o perfeita de tela quebrada, danificada, rachada e inutiliz\u00e1vel.<\/li>\n<li>\u00a0 Instala\u00e7\u00e3o profissional: vem com ferramenta de instala\u00e7\u00e3o para f\u00e1cil instala\u00e7\u00e3o. Recomenda-se que a instala\u00e7\u00e3o e a desmontagem sejam realizadas por pessoal de manuten\u00e7\u00e3o profissional.<\/li>\n<li>\u00a0 Encaixe pr\u00f3ximo: Encaixe bem na posi\u00e7\u00e3o original do furo com design preciso de forma e tamanho, tendo menos situa\u00e7\u00f5es de travamento durante o uso.<\/li>\n<\/ul>\n","protected":false},"excerpt":{"rendered":"<p>Descri\u00e7\u00e3o TELA DISPLAY\u00a0IP 12 PRO MAX ORI JK ESTE MODELO DE TELA DO IP\u00a0IP 12 PRO MAX ORI JK FOI<\/p>\n","protected":false},"featured_media":11776,"template":"","meta":[],"product_brand":[],"product_cat":[125],"product_tag":[],"class_list":{"0":"post-11763","1":"product","2":"type-product","3":"status-publish","4":"has-post-thumbnail","6":"product_cat-iphone","8":"first","9":"instock","10":"shipping-taxable","11":"purchasable","12":"product-type-simple"},"_links":{"self":[{"href":"https:\/\/zlcell.com.br\/en\/wp-json\/wp\/v2\/product\/11763","targetHints":{"allow":["GET"]}}],"collection":[{"href":"https:\/\/zlcell.com.br\/en\/wp-json\/wp\/v2\/product"}],"about":[{"href":"https:\/\/zlcell.com.br\/en\/wp-json\/wp\/v2\/types\/product"}],"version-history":[{"count":2,"href":"https:\/\/zlcell.com.br\/en\/wp-json\/wp\/v2\/product\/11763\/revisions"}],"predecessor-version":[{"id":11780,"href":"https:\/\/zlcell.com.br\/en\/wp-json\/wp\/v2\/product\/11763\/revisions\/11780"}],"wp:featuredmedia":[{"embeddable":true,"href":"https:\/\/zlcell.com.br\/en\/wp-json\/wp\/v2\/media\/11776"}],"wp:attachment":[{"href":"https:\/\/zlcell.com.br\/en\/wp-json\/wp\/v2\/media?parent=11763"}],"wp:term":[{"taxonomy":"product_brand","embeddable":true,"href":"https:\/\/zlcell.com.br\/en\/wp-json\/wp\/v2\/product_brand?post=11763"},{"taxonomy":"product_cat","embeddable":true,"href":"https:\/\/zlcell.com.br\/en\/wp-json\/wp\/v2\/product_cat?post=11763"},{"taxonomy":"product_tag","embeddable":true,"href":"https:\/\/zlcell.com.br\/en\/wp-json\/wp\/v2\/product_tag?post=11763"}],"curies":[{"name":"wp","href":"https:\/\/api.w.org\/{rel}","templated":true}]}}