{"id":11893,"date":"2024-11-04T14:26:51","date_gmt":"2024-11-04T14:26:51","guid":{"rendered":"https:\/\/zlcell.com.br\/?post_type=product&#038;p=11893"},"modified":"2024-11-04T14:26:51","modified_gmt":"2024-11-04T14:26:51","slug":"tela-display-ip-11-pro-troca-ci","status":"publish","type":"product","link":"https:\/\/zlcell.com.br\/en\/produto\/tela-display-ip-11-pro-troca-ci\/","title":{"rendered":"TELA DISPLAY IP 11 PRO TROCA Ci"},"content":{"rendered":"<p>Descri\u00e7\u00e3o<\/p>\n<p>TELA DISPLAY\u00a0\u00a0IP 11 PRO\u00a0 TROCA Ci<\/p>\n<p>ESTE MODELO DE TELA DO\u00a0\u00a0IP 11 PRO MAX TROCA Ci FOI TESTADO E POSSUI GARANTIA.<\/p>\n<p>O DESIGN DESTA TELA \u00c9 VOLTADO PARA OTIMIZAR A DURABILIDADE E O DESEMPENHO A LONGO PRAZO.<\/p>\n<p>A QUALIDADE SUPERIOR, A ESTRUTURA ROBUSTA E A SUPERF\u00cdCIE RESISTENTE A ARRANH\u00d5ES GARANTEM ESTABILIDADE E DURABILIDADE NO USO DI\u00c1RIO.<\/p>\n<p>ELE TAMB\u00c9M TEM UM PRE\u00c7O EXTREMAMENTE COMPETITIVO, OFERECENDO UMA OP\u00c7\u00c3O IDEAL PARA AQUELES QUE BUSCAM DESEMPENHO EXCEPCIONAL E QUALIDADE SUPERIOR.<\/p>\n","protected":false},"excerpt":{"rendered":"<p>Descri\u00e7\u00e3o TELA DISPLAY\u00a0\u00a0IP 11 PRO\u00a0 TROCA Ci ESTE MODELO DE TELA DO\u00a0\u00a0IP 11 PRO MAX TROCA Ci FOI TESTADO E<\/p>\n","protected":false},"featured_media":11918,"template":"","meta":[],"product_brand":[],"product_cat":[125],"product_tag":[],"class_list":{"0":"post-11893","1":"product","2":"type-product","3":"status-publish","4":"has-post-thumbnail","6":"product_cat-iphone","8":"first","9":"instock","10":"shipping-taxable","11":"product-type-simple"},"_links":{"self":[{"href":"https:\/\/zlcell.com.br\/en\/wp-json\/wp\/v2\/product\/11893","targetHints":{"allow":["GET"]}}],"collection":[{"href":"https:\/\/zlcell.com.br\/en\/wp-json\/wp\/v2\/product"}],"about":[{"href":"https:\/\/zlcell.com.br\/en\/wp-json\/wp\/v2\/types\/product"}],"version-history":[{"count":1,"href":"https:\/\/zlcell.com.br\/en\/wp-json\/wp\/v2\/product\/11893\/revisions"}],"predecessor-version":[{"id":11924,"href":"https:\/\/zlcell.com.br\/en\/wp-json\/wp\/v2\/product\/11893\/revisions\/11924"}],"wp:featuredmedia":[{"embeddable":true,"href":"https:\/\/zlcell.com.br\/en\/wp-json\/wp\/v2\/media\/11918"}],"wp:attachment":[{"href":"https:\/\/zlcell.com.br\/en\/wp-json\/wp\/v2\/media?parent=11893"}],"wp:term":[{"taxonomy":"product_brand","embeddable":true,"href":"https:\/\/zlcell.com.br\/en\/wp-json\/wp\/v2\/product_brand?post=11893"},{"taxonomy":"product_cat","embeddable":true,"href":"https:\/\/zlcell.com.br\/en\/wp-json\/wp\/v2\/product_cat?post=11893"},{"taxonomy":"product_tag","embeddable":true,"href":"https:\/\/zlcell.com.br\/en\/wp-json\/wp\/v2\/product_tag?post=11893"}],"curies":[{"name":"wp","href":"https:\/\/api.w.org\/{rel}","templated":true}]}}