{"id":13963,"date":"2024-12-06T14:35:37","date_gmt":"2024-12-06T14:35:37","guid":{"rendered":"https:\/\/zlcell.com.br\/?post_type=product&#038;p=13963"},"modified":"2024-12-06T14:35:37","modified_gmt":"2024-12-06T14:35:37","slug":"tela-display-sm-a50-nac-c-a","status":"publish","type":"product","link":"https:\/\/zlcell.com.br\/en\/produto\/tela-display-sm-a50-nac-c-a\/","title":{"rendered":"TELA DISPLAY SM A50 NAC C\/A"},"content":{"rendered":"<p>Descri\u00e7\u00e3o<\/p>\n<p>TELA DISPLAY\u00a0SM A50 NAC C\/A<\/p>\n<p>&nbsp;<\/p>\n<p>ESTE MODELO DE TELA DO\u00a0SM A50 NAC C\/A FOI TESTADO E POSSUI GARANTIA.<\/p>\n<p>O DESIGN DESTA TELA \u00c9 VOLTADO PARA OTIMIZAR A DURABILIDADE E O DESEMPENHO A LONGO PRAZO.<\/p>\n<p>&nbsp;<\/p>\n<p>A QUALIDADE SUPERIOR, A ESTRUTURA ROBUSTA E A SUPERF\u00cdCIE RESISTENTE A ARRANH\u00d5ES GARANTEM ESTABILIDADE E DURABILIDADE NO USO DI\u00c1RIO.<\/p>\n<p>&nbsp;<\/p>\n<p>ELE TAMB\u00c9M TEM UM PRE\u00c7O EXTREMAMENTE COMPETITIVO, OFERECENDO UMA OP\u00c7\u00c3O IDEAL PARA AQUELES QUE BUSCAM DESEMPENHO EXCEPCIONAL E QUALIDADE SUPERIOR.<\/p>\n<p>Tela Frontal Touch Display Lcd Para Samsung Galaxy A50 A505 Original Nacional Com Aro<\/p>\n<p>Ficha T\u00e9cnica Do Produto:<\/p>\n<p>* Compat\u00edvel Com Os Modelos.: A50 A505<\/p>\n<p>* Marca: Samsung<\/p>\n<p>* Proced\u00eancia: Produto Original &#8211; Novo<\/p>\n<p>* As Imagens S\u00e3o Meramente Ilustrativas.<\/p>\n","protected":false},"excerpt":{"rendered":"<p>Descri\u00e7\u00e3o TELA DISPLAY\u00a0SM A50 NAC C\/A &nbsp; ESTE MODELO DE TELA DO\u00a0SM A50 NAC C\/A FOI TESTADO E POSSUI GARANTIA.<\/p>\n","protected":false},"featured_media":13976,"template":"","meta":[],"product_brand":[],"product_cat":[159],"product_tag":[],"class_list":{"0":"post-13963","1":"product","2":"type-product","3":"status-publish","4":"has-post-thumbnail","6":"product_cat-samsung-en","8":"first","9":"instock","10":"shipping-taxable","11":"product-type-simple"},"_links":{"self":[{"href":"https:\/\/zlcell.com.br\/en\/wp-json\/wp\/v2\/product\/13963","targetHints":{"allow":["GET"]}}],"collection":[{"href":"https:\/\/zlcell.com.br\/en\/wp-json\/wp\/v2\/product"}],"about":[{"href":"https:\/\/zlcell.com.br\/en\/wp-json\/wp\/v2\/types\/product"}],"version-history":[{"count":1,"href":"https:\/\/zlcell.com.br\/en\/wp-json\/wp\/v2\/product\/13963\/revisions"}],"predecessor-version":[{"id":13979,"href":"https:\/\/zlcell.com.br\/en\/wp-json\/wp\/v2\/product\/13963\/revisions\/13979"}],"wp:featuredmedia":[{"embeddable":true,"href":"https:\/\/zlcell.com.br\/en\/wp-json\/wp\/v2\/media\/13976"}],"wp:attachment":[{"href":"https:\/\/zlcell.com.br\/en\/wp-json\/wp\/v2\/media?parent=13963"}],"wp:term":[{"taxonomy":"product_brand","embeddable":true,"href":"https:\/\/zlcell.com.br\/en\/wp-json\/wp\/v2\/product_brand?post=13963"},{"taxonomy":"product_cat","embeddable":true,"href":"https:\/\/zlcell.com.br\/en\/wp-json\/wp\/v2\/product_cat?post=13963"},{"taxonomy":"product_tag","embeddable":true,"href":"https:\/\/zlcell.com.br\/en\/wp-json\/wp\/v2\/product_tag?post=13963"}],"curies":[{"name":"wp","href":"https:\/\/api.w.org\/{rel}","templated":true}]}}