{"id":15382,"date":"2024-12-26T18:10:40","date_gmt":"2024-12-26T18:10:40","guid":{"rendered":"https:\/\/zlcell.com.br\/?post_type=product&#038;p=15382"},"modified":"2025-08-19T20:05:32","modified_gmt":"2025-08-19T20:05:32","slug":"tela-display-sm-a21s-ori-sa","status":"publish","type":"product","link":"https:\/\/zlcell.com.br\/en\/produto\/tela-display-sm-a21s-ori-sa\/","title":{"rendered":"TELA DISPLAY SM A21S ORI S\\A"},"content":{"rendered":"<p>Descri\u00e7\u00e3o<\/p>\n<p>TELA DISPLAY\u00a0SM A21S ORI S\\A<\/p>\n<p>ESTE MODELO DE TELA DO\u00a0SM A21S ORI S\\A\u00a0FOI TESTADO E POSSUI GARANTIA.<\/p>\n<p>O DESIGN DESTA TELA \u00c9 VOLTADO PARA OTIMIZAR A DURABILIDADE E O DESEMPENHO A LONGO PRAZO.<\/p>\n<p>&nbsp;<\/p>\n<p>A QUALIDADE SUPERIOR, A ESTRUTURA ROBUSTA E A SUPERF\u00cdCIE RESISTENTE A ARRANH\u00d5ES GARANTEM ESTABILIDADE E DURABILIDADE NO USO DI\u00c1RIO.<\/p>\n","protected":false},"excerpt":{"rendered":"<p>Descri\u00e7\u00e3o TELA DISPLAY\u00a0SM A21S ORI S\\A ESTE MODELO DE TELA DO\u00a0SM A21S ORI S\\A\u00a0FOI TESTADO E POSSUI GARANTIA. O DESIGN<\/p>\n","protected":false},"featured_media":15383,"template":"","meta":[],"product_brand":[],"product_cat":[164],"product_tag":[186],"class_list":{"0":"post-15382","1":"product","2":"type-product","3":"status-publish","4":"has-post-thumbnail","6":"product_cat-samsung-ori-s-a","7":"product_tag-tela-dis","9":"first","10":"outofstock","11":"shipping-taxable","12":"purchasable","13":"product-type-simple"},"_links":{"self":[{"href":"https:\/\/zlcell.com.br\/en\/wp-json\/wp\/v2\/product\/15382","targetHints":{"allow":["GET"]}}],"collection":[{"href":"https:\/\/zlcell.com.br\/en\/wp-json\/wp\/v2\/product"}],"about":[{"href":"https:\/\/zlcell.com.br\/en\/wp-json\/wp\/v2\/types\/product"}],"version-history":[{"count":1,"href":"https:\/\/zlcell.com.br\/en\/wp-json\/wp\/v2\/product\/15382\/revisions"}],"predecessor-version":[{"id":15398,"href":"https:\/\/zlcell.com.br\/en\/wp-json\/wp\/v2\/product\/15382\/revisions\/15398"}],"wp:featuredmedia":[{"embeddable":true,"href":"https:\/\/zlcell.com.br\/en\/wp-json\/wp\/v2\/media\/15383"}],"wp:attachment":[{"href":"https:\/\/zlcell.com.br\/en\/wp-json\/wp\/v2\/media?parent=15382"}],"wp:term":[{"taxonomy":"product_brand","embeddable":true,"href":"https:\/\/zlcell.com.br\/en\/wp-json\/wp\/v2\/product_brand?post=15382"},{"taxonomy":"product_cat","embeddable":true,"href":"https:\/\/zlcell.com.br\/en\/wp-json\/wp\/v2\/product_cat?post=15382"},{"taxonomy":"product_tag","embeddable":true,"href":"https:\/\/zlcell.com.br\/en\/wp-json\/wp\/v2\/product_tag?post=15382"}],"curies":[{"name":"wp","href":"https:\/\/api.w.org\/{rel}","templated":true}]}}