{"id":11375,"date":"2024-09-09T13:46:09","date_gmt":"2024-09-09T13:46:09","guid":{"rendered":"https:\/\/zlcell.com.br\/?post_type=product&#038;p=11375"},"modified":"2024-09-09T13:50:57","modified_gmt":"2024-09-09T13:50:57","slug":"tela-display-ip-14-plus-nac-retirado","status":"publish","type":"product","link":"https:\/\/zlcell.com.br\/zh-hans\/produto\/tela-display-ip-14-plus-nac-retirado\/","title":{"rendered":"TELA DISPLAY IP 14 PLUS  NAC RETIRADO"},"content":{"rendered":"<p>Descri\u00e7\u00e3o<\/p>\n<p>&nbsp;<\/p>\n<p>TELA DISPLAY IP 14 PLUS NAC RETIRADO<\/p>\n<p>ESTE MODELO DE TELA DO IPHONE 14 PLUS NAC RETIRADO NAC ZERO FOI TESTADO E POSSUI GARANTIA.<\/p>\n<p>&nbsp;<\/p>\n<p><strong>CARACTER\u00cdSTICAS:<\/strong><\/p>\n<ul>\n<li><strong>Modelo compat\u00edvel:<\/strong> Iphone 14 PLUS<\/li>\n<li><strong>Tamanho da tela:<\/strong>\u00a06.1 polegadas<\/li>\n<li><strong>Qualidade do item:<\/strong> NAC RETIRADO<\/li>\n<li><strong>Resolu\u00e7\u00e3o:<\/strong>\u00a02532\u00a0x 1170\u00a0pixels<\/li>\n<li>Tecnologia da tela: Oled<\/li>\n<\/ul>\n<p>O DESIGN DESTA TELA \u00c9 VOLTADO PARA OTIMIZAR A DURABILIDADE E O DESEMPENHO A LONGO PRAZO.<\/p>\n<p>A QUALIDADE SUPERIOR, A ESTRUTURA ROBUSTA E A SUPERF\u00cdCIE RESISTENTE A ARRANH\u00d5ES GARANTEM ESTABILIDADE E DURABILIDADE NO USO DI\u00c1RIO. ELE TAMB\u00c9M TEM UM PRE\u00c7O EXTREMAMENTE COMPETITIVO, OFERECENDO UMA OP\u00c7\u00c3O IDEAL PARA AQUELES QUE BUSCAM DESEMPENHO EXCEPCIONAL E QUALIDADE SUPERIOR.<\/p>\n<p>&nbsp;<\/p>\n","protected":false},"excerpt":{"rendered":"<p>Descri\u00e7\u00e3o &nbsp; TELA DISPLAY IP 14 PLUS NAC RETIRADO ESTE MODELO DE TELA DO IPHONE 14 PLUS NAC RETIRADO NAC<\/p>\n","protected":false},"featured_media":11338,"template":"","meta":[],"product_brand":[],"product_cat":[152],"product_tag":[],"class_list":{"0":"post-11375","1":"product","2":"type-product","3":"status-publish","4":"has-post-thumbnail","6":"product_cat-152","8":"first","9":"instock","10":"sale","11":"shipping-taxable","12":"purchasable","13":"product-type-simple"},"_links":{"self":[{"href":"https:\/\/zlcell.com.br\/zh-hans\/wp-json\/wp\/v2\/product\/11375","targetHints":{"allow":["GET"]}}],"collection":[{"href":"https:\/\/zlcell.com.br\/zh-hans\/wp-json\/wp\/v2\/product"}],"about":[{"href":"https:\/\/zlcell.com.br\/zh-hans\/wp-json\/wp\/v2\/types\/product"}],"version-history":[{"count":2,"href":"https:\/\/zlcell.com.br\/zh-hans\/wp-json\/wp\/v2\/product\/11375\/revisions"}],"predecessor-version":[{"id":11392,"href":"https:\/\/zlcell.com.br\/zh-hans\/wp-json\/wp\/v2\/product\/11375\/revisions\/11392"}],"wp:featuredmedia":[{"embeddable":true,"href":"https:\/\/zlcell.com.br\/zh-hans\/wp-json\/wp\/v2\/media\/11338"}],"wp:attachment":[{"href":"https:\/\/zlcell.com.br\/zh-hans\/wp-json\/wp\/v2\/media?parent=11375"}],"wp:term":[{"taxonomy":"product_brand","embeddable":true,"href":"https:\/\/zlcell.com.br\/zh-hans\/wp-json\/wp\/v2\/product_brand?post=11375"},{"taxonomy":"product_cat","embeddable":true,"href":"https:\/\/zlcell.com.br\/zh-hans\/wp-json\/wp\/v2\/product_cat?post=11375"},{"taxonomy":"product_tag","embeddable":true,"href":"https:\/\/zlcell.com.br\/zh-hans\/wp-json\/wp\/v2\/product_tag?post=11375"}],"curies":[{"name":"wp","href":"https:\/\/api.w.org\/{rel}","templated":true}]}}