{"id":11427,"date":"2024-09-12T13:36:35","date_gmt":"2024-09-12T13:36:35","guid":{"rendered":"https:\/\/zlcell.com.br\/?post_type=product&#038;p=11427"},"modified":"2024-09-12T13:38:55","modified_gmt":"2024-09-12T13:38:55","slug":"tela-display-ip-14-pro-nac-zero","status":"publish","type":"product","link":"https:\/\/zlcell.com.br\/zh-hans\/produto\/tela-display-ip-14-pro-nac-zero\/","title":{"rendered":"TELA DISPLAY IP 14 PRO NAC ZERO"},"content":{"rendered":"<p>Descri\u00e7\u00e3o<\/p>\n<p>TELA DISPLAY IP 14 PRO NAC ZERO<\/p>\n<p>ESTE MODELO DE TELA DO IP 14 PRO NAC ZERO FOI TESTADO E POSSUI GARANTIA.<\/p>\n<p>O DESIGN DESTA TELA \u00c9 VOLTADO PARA OTIMIZAR A DURABILIDADE E O DESEMPENHO A LONGO PRAZO.<\/p>\n<p>A QUALIDADE SUPERIOR, A ESTRUTURA ROBUSTA E A SUPERF\u00cdCIE RESISTENTE A ARRANH\u00d5ES GARANTEM ESTABILIDADE E DURABILIDADE NO USO DI\u00c1RIO. ELE TAMB\u00c9M TEM UM PRE\u00c7O EXTREMAMENTE COMPETITIVO, OFERECENDO UMA OP\u00c7\u00c3O IDEAL PARA AQUELES QUE BUSCAM DESEMPENHO EXCEPCIONAL E QUALIDADE SUPERIOR.<\/p>\n","protected":false},"excerpt":{"rendered":"<p>Descri\u00e7\u00e3o TELA DISPLAY IP 14 PRO NAC ZERO ESTE MODELO DE TELA DO IP 14 PRO NAC ZERO FOI TESTADO<\/p>\n","protected":false},"featured_media":11440,"template":"","meta":[],"product_brand":[],"product_cat":[123],"product_tag":[],"class_list":{"0":"post-11427","1":"product","2":"type-product","3":"status-publish","4":"has-post-thumbnail","6":"product_cat-telas","8":"first","9":"instock","10":"shipping-taxable","11":"purchasable","12":"product-type-simple"},"_links":{"self":[{"href":"https:\/\/zlcell.com.br\/zh-hans\/wp-json\/wp\/v2\/product\/11427","targetHints":{"allow":["GET"]}}],"collection":[{"href":"https:\/\/zlcell.com.br\/zh-hans\/wp-json\/wp\/v2\/product"}],"about":[{"href":"https:\/\/zlcell.com.br\/zh-hans\/wp-json\/wp\/v2\/types\/product"}],"version-history":[{"count":1,"href":"https:\/\/zlcell.com.br\/zh-hans\/wp-json\/wp\/v2\/product\/11427\/revisions"}],"predecessor-version":[{"id":11443,"href":"https:\/\/zlcell.com.br\/zh-hans\/wp-json\/wp\/v2\/product\/11427\/revisions\/11443"}],"wp:featuredmedia":[{"embeddable":true,"href":"https:\/\/zlcell.com.br\/zh-hans\/wp-json\/wp\/v2\/media\/11440"}],"wp:attachment":[{"href":"https:\/\/zlcell.com.br\/zh-hans\/wp-json\/wp\/v2\/media?parent=11427"}],"wp:term":[{"taxonomy":"product_brand","embeddable":true,"href":"https:\/\/zlcell.com.br\/zh-hans\/wp-json\/wp\/v2\/product_brand?post=11427"},{"taxonomy":"product_cat","embeddable":true,"href":"https:\/\/zlcell.com.br\/zh-hans\/wp-json\/wp\/v2\/product_cat?post=11427"},{"taxonomy":"product_tag","embeddable":true,"href":"https:\/\/zlcell.com.br\/zh-hans\/wp-json\/wp\/v2\/product_tag?post=11427"}],"curies":[{"name":"wp","href":"https:\/\/api.w.org\/{rel}","templated":true}]}}