{"id":12277,"date":"2024-11-27T20:01:15","date_gmt":"2024-11-27T20:01:15","guid":{"rendered":"https:\/\/zlcell.com.br\/?post_type=product&#038;p=12277"},"modified":"2024-11-27T20:01:15","modified_gmt":"2024-11-27T20:01:15","slug":"tela-display-ip-6-plus","status":"publish","type":"product","link":"https:\/\/zlcell.com.br\/zh-hans\/produto\/tela-display-ip-6-plus\/","title":{"rendered":"TELA DISPLAY IP 6 PLUS"},"content":{"rendered":"<p>Pe\u00e7a \u00fanica (m\u00f3dulo ou frontal) com Display Lcd e Touch do Iphone 6s Plus Branco.A fun\u00e7\u00e3o do Display Lcd \u00e9 de restaurar a imagem do aparelho.A fun\u00e7\u00e3o do Touch \u00e9 recuperar o toque da tela.<\/p>\n","protected":false},"excerpt":{"rendered":"<p>Pe\u00e7a \u00fanica (m\u00f3dulo ou frontal) com Display Lcd e Touch do Iphone 6s Plus Branco.A fun\u00e7\u00e3o do Display Lcd \u00e9<\/p>\n","protected":false},"featured_media":0,"template":"","meta":[],"product_brand":[],"product_cat":[125],"product_tag":[],"class_list":{"0":"post-12277","1":"product","2":"type-product","3":"status-publish","5":"product_cat-iphone","7":"first","8":"instock","9":"shipping-taxable","10":"product-type-simple"},"_links":{"self":[{"href":"https:\/\/zlcell.com.br\/zh-hans\/wp-json\/wp\/v2\/product\/12277","targetHints":{"allow":["GET"]}}],"collection":[{"href":"https:\/\/zlcell.com.br\/zh-hans\/wp-json\/wp\/v2\/product"}],"about":[{"href":"https:\/\/zlcell.com.br\/zh-hans\/wp-json\/wp\/v2\/types\/product"}],"version-history":[{"count":1,"href":"https:\/\/zlcell.com.br\/zh-hans\/wp-json\/wp\/v2\/product\/12277\/revisions"}],"predecessor-version":[{"id":12281,"href":"https:\/\/zlcell.com.br\/zh-hans\/wp-json\/wp\/v2\/product\/12277\/revisions\/12281"}],"wp:attachment":[{"href":"https:\/\/zlcell.com.br\/zh-hans\/wp-json\/wp\/v2\/media?parent=12277"}],"wp:term":[{"taxonomy":"product_brand","embeddable":true,"href":"https:\/\/zlcell.com.br\/zh-hans\/wp-json\/wp\/v2\/product_brand?post=12277"},{"taxonomy":"product_cat","embeddable":true,"href":"https:\/\/zlcell.com.br\/zh-hans\/wp-json\/wp\/v2\/product_cat?post=12277"},{"taxonomy":"product_tag","embeddable":true,"href":"https:\/\/zlcell.com.br\/zh-hans\/wp-json\/wp\/v2\/product_tag?post=12277"}],"curies":[{"name":"wp","href":"https:\/\/api.w.org\/{rel}","templated":true}]}}