{"id":12573,"date":"2024-11-28T00:30:04","date_gmt":"2024-11-28T00:30:04","guid":{"rendered":"https:\/\/zlcell.com.br\/?post_type=product&#038;p=12573"},"modified":"2024-11-28T00:30:04","modified_gmt":"2024-11-28T00:30:04","slug":"tela-display-zenfone-ze553kl-incell-sa","status":"publish","type":"product","link":"https:\/\/zlcell.com.br\/zh-hans\/produto\/tela-display-zenfone-ze553kl-incell-sa\/","title":{"rendered":"TELA DISPLAY ZENFONE ZE553KL INCELL S\\A"},"content":{"rendered":"<p>Descri\u00e7\u00e3o<\/p>\n<p>TELA DISPLAY\u00a0ZENFONE ZE553KL\u00a0INCELL S\\A<\/p>\n<p>ESTE MODELO DE TELA DO\u00a0ZENFONE ZE553KL\u00a0INCELL S\\A FOI TESTADO E POSSUI GARANTIA.<\/p>\n<p>O DESIGN DESTA TELA \u00c9 VOLTADO PARA OTIMIZAR A DURABILIDADE E O DESEMPENHO A LONGO PRAZO.<\/p>\n<p>A QUALIDADE SUPERIOR, A ESTRUTURA ROBUSTA E A SUPERF\u00cdCIE RESISTENTE A ARRANH\u00d5ES GARANTEM ESTABILIDADE E DURABILIDADE NO USO DI\u00c1RIO.<\/p>\n<p>ELE TAMB\u00c9M TEM UM PRE\u00c7O EXTREMAMENTE COMPETITIVO, OFERECENDO UMA OP\u00c7\u00c3O IDEAL PARA AQUELES QUE BUSCAM DESEMPENHO EXCEPCIONAL E QUALIDADE SUPERIOR.<\/p>\n","protected":false},"excerpt":{"rendered":"<p>Descri\u00e7\u00e3o TELA DISPLAY\u00a0ZENFONE ZE553KL\u00a0INCELL S\\A ESTE MODELO DE TELA DO\u00a0ZENFONE ZE553KL\u00a0INCELL S\\A FOI TESTADO E POSSUI GARANTIA. O DESIGN DESTA<\/p>\n","protected":false},"featured_media":12586,"template":"","meta":[],"product_brand":[],"product_cat":[162],"product_tag":[],"class_list":{"0":"post-12573","1":"product","2":"type-product","3":"status-publish","4":"has-post-thumbnail","6":"product_cat-zenfone","8":"first","9":"instock","10":"shipping-taxable","11":"product-type-simple"},"_links":{"self":[{"href":"https:\/\/zlcell.com.br\/zh-hans\/wp-json\/wp\/v2\/product\/12573","targetHints":{"allow":["GET"]}}],"collection":[{"href":"https:\/\/zlcell.com.br\/zh-hans\/wp-json\/wp\/v2\/product"}],"about":[{"href":"https:\/\/zlcell.com.br\/zh-hans\/wp-json\/wp\/v2\/types\/product"}],"version-history":[{"count":1,"href":"https:\/\/zlcell.com.br\/zh-hans\/wp-json\/wp\/v2\/product\/12573\/revisions"}],"predecessor-version":[{"id":12589,"href":"https:\/\/zlcell.com.br\/zh-hans\/wp-json\/wp\/v2\/product\/12573\/revisions\/12589"}],"wp:featuredmedia":[{"embeddable":true,"href":"https:\/\/zlcell.com.br\/zh-hans\/wp-json\/wp\/v2\/media\/12586"}],"wp:attachment":[{"href":"https:\/\/zlcell.com.br\/zh-hans\/wp-json\/wp\/v2\/media?parent=12573"}],"wp:term":[{"taxonomy":"product_brand","embeddable":true,"href":"https:\/\/zlcell.com.br\/zh-hans\/wp-json\/wp\/v2\/product_brand?post=12573"},{"taxonomy":"product_cat","embeddable":true,"href":"https:\/\/zlcell.com.br\/zh-hans\/wp-json\/wp\/v2\/product_cat?post=12573"},{"taxonomy":"product_tag","embeddable":true,"href":"https:\/\/zlcell.com.br\/zh-hans\/wp-json\/wp\/v2\/product_tag?post=12573"}],"curies":[{"name":"wp","href":"https:\/\/api.w.org\/{rel}","templated":true}]}}