{"id":15242,"date":"2024-12-26T16:24:35","date_gmt":"2024-12-26T16:24:35","guid":{"rendered":"https:\/\/zlcell.com.br\/?post_type=product&#038;p=15242"},"modified":"2025-08-20T17:09:53","modified_gmt":"2025-08-20T17:09:53","slug":"tela-display-sm-a32-4g-in-sa","status":"publish","type":"product","link":"https:\/\/zlcell.com.br\/zh-hans\/produto\/tela-display-sm-a32-4g-in-sa\/","title":{"rendered":"TELA DISPLAY SM A32 4G IN S\\A"},"content":{"rendered":"<p>Descri\u00e7\u00e3o<\/p>\n<p>TELA DISPLAY\u00a0SM A32 4G IN S\\A<\/p>\n<p>ESTE MODELO DE TELA DO\u00a0SM A32 4G IN S\\A FOI TESTADO E POSSUI GARANTIA.<\/p>\n<p>&nbsp;<\/p>\n<p>O DESIGN DESTA TELA \u00c9 VOLTADO PARA OTIMIZAR A DURABILIDADE E O DESEMPENHO A LONGO PRAZO.<\/p>\n<p>A QUALIDADE SUPERIOR, A ESTRUTURA ROBUSTA E A SUPERF\u00cdCIE RESISTENTE A ARRANH\u00d5ES GARANTEM ESTABILIDADE E DURABILIDADE NO USO DI\u00c1RIO.<\/p>\n<p>ELE TAMB\u00c9M TEM UM PRE\u00c7O EXTREMAMENTE COMPETITIVO, OFERECENDO UMA OP\u00c7\u00c3O IDEAL PARA AQUELES QUE BUSCAM DESEMPENHO EXCEPCIONAL E QUALIDADE SUPERIOR.<\/p>\n","protected":false},"excerpt":{"rendered":"<p>Descri\u00e7\u00e3o TELA DISPLAY\u00a0SM A32 4G IN S\\A ESTE MODELO DE TELA DO\u00a0SM A32 4G IN S\\A FOI TESTADO E POSSUI<\/p>\n","protected":false},"featured_media":15255,"template":"","meta":[],"product_brand":[],"product_cat":[168],"product_tag":[],"class_list":{"0":"post-15242","1":"product","2":"type-product","3":"status-publish","4":"has-post-thumbnail","6":"product_cat-samsung-incell-s-a","8":"first","9":"instock","10":"shipping-taxable","11":"purchasable","12":"product-type-simple"},"_links":{"self":[{"href":"https:\/\/zlcell.com.br\/zh-hans\/wp-json\/wp\/v2\/product\/15242","targetHints":{"allow":["GET"]}}],"collection":[{"href":"https:\/\/zlcell.com.br\/zh-hans\/wp-json\/wp\/v2\/product"}],"about":[{"href":"https:\/\/zlcell.com.br\/zh-hans\/wp-json\/wp\/v2\/types\/product"}],"version-history":[{"count":1,"href":"https:\/\/zlcell.com.br\/zh-hans\/wp-json\/wp\/v2\/product\/15242\/revisions"}],"predecessor-version":[{"id":15258,"href":"https:\/\/zlcell.com.br\/zh-hans\/wp-json\/wp\/v2\/product\/15242\/revisions\/15258"}],"wp:featuredmedia":[{"embeddable":true,"href":"https:\/\/zlcell.com.br\/zh-hans\/wp-json\/wp\/v2\/media\/15255"}],"wp:attachment":[{"href":"https:\/\/zlcell.com.br\/zh-hans\/wp-json\/wp\/v2\/media?parent=15242"}],"wp:term":[{"taxonomy":"product_brand","embeddable":true,"href":"https:\/\/zlcell.com.br\/zh-hans\/wp-json\/wp\/v2\/product_brand?post=15242"},{"taxonomy":"product_cat","embeddable":true,"href":"https:\/\/zlcell.com.br\/zh-hans\/wp-json\/wp\/v2\/product_cat?post=15242"},{"taxonomy":"product_tag","embeddable":true,"href":"https:\/\/zlcell.com.br\/zh-hans\/wp-json\/wp\/v2\/product_tag?post=15242"}],"curies":[{"name":"wp","href":"https:\/\/api.w.org\/{rel}","templated":true}]}}